{"id":83,"date":"2022-03-09T23:11:33","date_gmt":"2022-03-09T22:11:33","guid":{"rendered":"http:\/\/www.baustoff-ostrava.cz\/ostrava\/www\/?page_id=83"},"modified":"2024-02-24T03:25:25","modified_gmt":"2024-02-24T02:25:25","slug":"volna-mista","status":"publish","type":"page","link":"http:\/\/baustoff-ostrava.cz\/ostrava\/?page_id=83","title":{"rendered":"Voln\u00e1 m\u00edsta"},"content":{"rendered":"<p>[et_pb_section fb_built=&#8220;1&#8243; custom_padding_last_edited=&#8220;on|tablet&#8220; _builder_version=&#8220;4.15&#8243; _module_preset=&#8220;default&#8220; background_enable_color=&#8220;off&#8220; background_color_gradient_start=&#8220;#bcd1ea&#8220; background_color_gradient_end=&#8220;rgba(255,255,255,0)&#8220; background_color_gradient_direction=&#8220;90deg&#8220; background_image=&#8220;http:\/\/baustoff-ostrava.cz\/ostrava\/wp-content\/uploads\/2022\/03\/v1-opr_2x-1024x213_2x.png&#8220; width_tablet=&#8220;&#8220; width_phone=&#8220;&#8220; width_last_edited=&#8220;on|phone&#8220; custom_padding=&#8220;7vw||7vw||true|false&#8220; custom_padding_tablet=&#8220;7vw||7vw||true|false&#8220; custom_padding_phone=&#8220;25vw||0vw||false|false&#8220; border_width_top=&#8220;3px&#8220; border_color_top=&#8220;#005596&#8243; border_width_bottom=&#8220;2px&#8220; border_color_bottom=&#8220;#005596&#8243; collapsed=&#8220;off&#8220; global_colors_info=&#8220;{}&#8220;][et_pb_row column_structure=&#8220;1_2,1_2&#8243; use_custom_gutter=&#8220;on&#8220; _builder_version=&#8220;4.15&#8243; _module_preset=&#8220;default&#8220; width_tablet=&#8220;&#8220; width_phone=&#8220;100%&#8220; width_last_edited=&#8220;on|phone&#8220; custom_padding=&#8220;0px||0px||false|false&#8220; background_last_edited=&#8220;on|phone&#8220; background_enable_color_phone=&#8220;off&#8220; global_colors_info=&#8220;{}&#8220;][et_pb_column type=&#8220;1_2&#8243; module_class=&#8220;hlavicka&#8220; _builder_version=&#8220;4.15&#8243; _module_preset=&#8220;default&#8220; background_color=&#8220;#005596&#8243; transform_translate_linked=&#8220;off&#8220; background_last_edited=&#8220;on|desktop&#8220; global_colors_info=&#8220;{}&#8220;][et_pb_text module_class=&#8220;emotion-txt&#8220; _builder_version=&#8220;4.15&#8243; _module_preset=&#8220;default&#8220; header_font=&#8220;|700|||||||&#8220; header_text_color=&#8220;#4b83b3&#8243; header_font_size=&#8220;42px&#8220; custom_margin=&#8220;||||false|false&#8220; custom_margin_tablet=&#8220;||||false|false&#8220; custom_margin_phone=&#8220;|||10px|false|false&#8220; custom_margin_last_edited=&#8220;on|phone&#8220; custom_padding=&#8220;||||false|false&#8220; header_font_size_tablet=&#8220;3vh&#8220; header_font_size_phone=&#8220;22px&#8220; header_font_size_last_edited=&#8220;on|phone&#8220; custom_css_main_element=&#8220;white-space: nowrap;&#8220; global_colors_info=&#8220;{}&#8220;]<\/p>\n<h1>Baustoff + Metall\u00a0 Ostrava<\/h1>\n<p>[\/et_pb_text][et_pb_text module_class=&#8220;emotion-txt&#8220; _builder_version=&#8220;4.15.0&#8243; _module_preset=&#8220;default&#8220; header_font=&#8220;|700|||||||&#8220; header_font_size=&#8220;3vh&#8220; header_2_font=&#8220;|700||on|||||&#8220; header_2_text_color=&#8220;#FFFFFF&#8220; header_2_font_size=&#8220;24px&#8220; custom_margin=&#8220;-5px||||false|false&#8220; custom_margin_tablet=&#8220;&#8220; custom_margin_phone=&#8220;|||10px|false|false&#8220; custom_margin_last_edited=&#8220;on|phone&#8220; link_option_url=&#8220;http:\/\/baustoff-ostrava.cz\/ostrava\/wp-content\/uploads\/2023\/05\/inzerat.pdf.png&#8220; header_2_font_size_tablet=&#8220;23px&#8220; header_2_font_size_phone=&#8220;17px&#8220; header_2_font_size_last_edited=&#8220;on|phone&#8220; custom_css_main_element=&#8220;white-space: nowrap;&#8220; global_colors_info=&#8220;{}&#8220;]<\/p>\n<h2>Voln\u00e1 m\u00edsta<\/h2>\n<p>[\/et_pb_text][\/et_pb_column][et_pb_column type=&#8220;1_2&#8243; _builder_version=&#8220;4.15&#8243; _module_preset=&#8220;default&#8220; global_colors_info=&#8220;{}&#8220;][\/et_pb_column][\/et_pb_row][\/et_pb_section][et_pb_section fb_built=&#8220;1&#8243; _builder_version=&#8220;4.15&#8243; _module_preset=&#8220;default&#8220; custom_padding=&#8220;30px||||false|false&#8220; global_colors_info=&#8220;{}&#8220;][et_pb_row _builder_version=&#8220;4.15&#8243; _module_preset=&#8220;default&#8220; width=&#8220;90%&#8220; custom_padding=&#8220;0px||||false|false&#8220; global_colors_info=&#8220;{}&#8220;][et_pb_column type=&#8220;4_4&#8243; _builder_version=&#8220;4.15&#8243; _module_preset=&#8220;default&#8220; background_color=&#8220;RGBA(255,255,255,0)&#8220; global_colors_info=&#8220;{}&#8220;][et_pb_text _builder_version=&#8220;4.15&#8243; _module_preset=&#8220;default&#8220; text_font=&#8220;|700|||||||&#8220; text_text_color=&#8220;#005597&#8243; text_font_size=&#8220;16px&#8220; text_font_size_tablet=&#8220;15px&#8220; text_font_size_phone=&#8220;15px&#8220; text_font_size_last_edited=&#8220;on|desktop&#8220; locked=&#8220;off&#8220; global_colors_info=&#8220;{}&#8220;]<\/p>\n<p>Seznam inzerce<\/p>\n<p>[\/et_pb_text][\/et_pb_column][\/et_pb_row][et_pb_row column_structure=&#8220;1_2,1_2&#8243; _builder_version=&#8220;4.15.0&#8243; _module_preset=&#8220;default&#8220; hover_enabled=&#8220;0&#8243; global_colors_info=&#8220;{}&#8220; sticky_enabled=&#8220;0&#8243;][et_pb_column type=&#8220;1_2&#8243; _builder_version=&#8220;4.15.0&#8243; _module_preset=&#8220;default&#8220; background_color=&#8220;#005596&#8243; hover_transition_duration=&#8220;500ms&#8220; global_colors_info=&#8220;{}&#8220; custom_css_after__hover_enabled=&#8220;off|desktop&#8220; custom_css_after__hover=&#8220;top:35%;&#8220; custom_css_after_last_edited=&#8220;on|desktop&#8220; custom_css_after_phone=&#8220;content: %22%9224%22;||font-family: &#8218;ETmodules&#8216;;||height:60px; \/* Size of the shape *\/||width:60px; \/* Size of the shape *\/||color:white ;||position:absolute;||top:40%;||right:-30px;||z-index: -1;&#8220; custom_css_after_tablet=&#8220;content: %22%92e092%22;||font-family: &#8218;ETmodules&#8216;;||height:60px; \/* Size of the shape *\/||width:60px; \/* Size of the shape *\/||color:white ;||position:absolute;||top:30%;||right:-30px;||z-index: -1;&#8220;][et_pb_text _builder_version=&#8220;4.15.0&#8243; _module_preset=&#8220;default&#8220; text_font=&#8220;|600|||||||&#8220; text_text_color=&#8220;#FFFFFF&#8220; custom_padding=&#8220;15px||15px|30px|false|false&#8220; hover_transition_duration=&#8220;600ms&#8220; link_option_url=&#8220;http:\/\/baustoff-ostrava.cz\/ostrava\/wp-content\/uploads\/2022\/03\/inzerat.pdf&#8220; hover_enabled=&#8220;0&#8243; custom_css_main_element=&#8220;cursor:pointer&#8220; global_colors_info=&#8220;{}&#8220; sticky_enabled=&#8220;0&#8243; custom_margin=&#8220;||||false|true&#8220;]<\/p>\n<p>Hled\u00e1me kolegu na pozici obchodn\u011b technick\u00e9ho konzultanta <strong>\u00a0 \u00a0\u2192<\/strong><\/p>\n<p>[\/et_pb_text][\/et_pb_column][et_pb_column type=&#8220;1_2&#8243; _builder_version=&#8220;4.15&#8243; _module_preset=&#8220;default&#8220; global_colors_info=&#8220;{}&#8220;][\/et_pb_column][\/et_pb_row][\/et_pb_section]<\/p>\n","protected":false},"excerpt":{"rendered":"<p>Baustoff + Metall\u00a0 OstravaVoln\u00e1 m\u00edstaSeznam inzerceHled\u00e1me kolegu na pozici obchodn\u011b technick\u00e9ho konzultanta \u00a0 \u00a0\u2192<\/p>\n","protected":false},"author":1,"featured_media":0,"parent":0,"menu_order":0,"comment_status":"closed","ping_status":"closed","template":"","meta":{"_et_pb_use_builder":"on","_et_pb_old_content":"","_et_gb_content_width":"","footnotes":""},"class_list":["post-83","page","type-page","status-publish","hentry"],"_links":{"self":[{"href":"http:\/\/baustoff-ostrava.cz\/ostrava\/index.php?rest_route=\/wp\/v2\/pages\/83","targetHints":{"allow":["GET"]}}],"collection":[{"href":"http:\/\/baustoff-ostrava.cz\/ostrava\/index.php?rest_route=\/wp\/v2\/pages"}],"about":[{"href":"http:\/\/baustoff-ostrava.cz\/ostrava\/index.php?rest_route=\/wp\/v2\/types\/page"}],"author":[{"embeddable":true,"href":"http:\/\/baustoff-ostrava.cz\/ostrava\/index.php?rest_route=\/wp\/v2\/users\/1"}],"replies":[{"embeddable":true,"href":"http:\/\/baustoff-ostrava.cz\/ostrava\/index.php?rest_route=%2Fwp%2Fv2%2Fcomments&post=83"}],"version-history":[{"count":15,"href":"http:\/\/baustoff-ostrava.cz\/ostrava\/index.php?rest_route=\/wp\/v2\/pages\/83\/revisions"}],"predecessor-version":[{"id":755,"href":"http:\/\/baustoff-ostrava.cz\/ostrava\/index.php?rest_route=\/wp\/v2\/pages\/83\/revisions\/755"}],"wp:attachment":[{"href":"http:\/\/baustoff-ostrava.cz\/ostrava\/index.php?rest_route=%2Fwp%2Fv2%2Fmedia&parent=83"}],"curies":[{"name":"wp","href":"https:\/\/api.w.org\/{rel}","templated":true}]}}