{"id":39,"date":"2022-03-09T22:51:12","date_gmt":"2022-03-09T21:51:12","guid":{"rendered":"http:\/\/www.baustoff-ostrava.cz\/ostrava\/www\/?page_id=39"},"modified":"2024-02-24T01:18:00","modified_gmt":"2024-02-24T00:18:00","slug":"partneri","status":"publish","type":"page","link":"http:\/\/baustoff-ostrava.cz\/ostrava\/?page_id=39","title":{"rendered":"Partne\u0159i"},"content":{"rendered":"<p>[et_pb_section fb_built=&#8220;1&#8243; custom_padding_last_edited=&#8220;on|tablet&#8220; _builder_version=&#8220;4.15&#8243; _module_preset=&#8220;default&#8220; background_enable_color=&#8220;off&#8220; background_color_gradient_start=&#8220;#bcd1ea&#8220; background_color_gradient_end=&#8220;rgba(255,255,255,0)&#8220; background_color_gradient_direction=&#8220;90deg&#8220; background_image=&#8220;http:\/\/baustoff-ostrava.cz\/ostrava\/wp-content\/uploads\/2022\/03\/p2_2x-1024x213_2x.png&#8220; width_tablet=&#8220;&#8220; width_phone=&#8220;&#8220; width_last_edited=&#8220;on|phone&#8220; custom_padding=&#8220;7vw||7vw||true|false&#8220; custom_padding_tablet=&#8220;7vw||7vw||true|false&#8220; custom_padding_phone=&#8220;25vw||0vw||false|false&#8220; border_width_top=&#8220;3px&#8220; border_color_top=&#8220;#005596&#8243; border_width_bottom=&#8220;2px&#8220; border_color_bottom=&#8220;#005596&#8243; collapsed=&#8220;off&#8220; global_colors_info=&#8220;{}&#8220;][et_pb_row column_structure=&#8220;1_2,1_2&#8243; use_custom_gutter=&#8220;on&#8220; _builder_version=&#8220;4.15&#8243; _module_preset=&#8220;default&#8220; width_tablet=&#8220;&#8220; width_phone=&#8220;100%&#8220; width_last_edited=&#8220;on|phone&#8220; custom_padding=&#8220;0px||0px||false|false&#8220; background_last_edited=&#8220;on|phone&#8220; background_enable_color_phone=&#8220;off&#8220; global_colors_info=&#8220;{}&#8220;][et_pb_column type=&#8220;1_2&#8243; module_class=&#8220;hlavicka&#8220; _builder_version=&#8220;4.15&#8243; _module_preset=&#8220;default&#8220; background_color=&#8220;#005596&#8243; transform_translate_linked=&#8220;off&#8220; background_last_edited=&#8220;on|desktop&#8220; global_colors_info=&#8220;{}&#8220;][et_pb_text module_class=&#8220;emotion-txt&#8220; _builder_version=&#8220;4.15&#8243; _module_preset=&#8220;default&#8220; header_font=&#8220;|700|||||||&#8220; header_text_color=&#8220;#4b83b3&#8243; header_font_size=&#8220;42px&#8220; custom_margin=&#8220;||||false|false&#8220; custom_margin_tablet=&#8220;||||false|false&#8220; custom_margin_phone=&#8220;|||10px|false|false&#8220; custom_margin_last_edited=&#8220;on|phone&#8220; custom_padding=&#8220;||||false|false&#8220; header_font_size_tablet=&#8220;3vh&#8220; header_font_size_phone=&#8220;22px&#8220; header_font_size_last_edited=&#8220;on|phone&#8220; custom_css_main_element=&#8220;white-space: nowrap;&#8220; global_colors_info=&#8220;{}&#8220;]<\/p>\n<h1>Baustoff + Metall\u00a0 Ostrava<\/h1>\n<p>[\/et_pb_text][et_pb_text module_class=&#8220;emotion-txt&#8220; _builder_version=&#8220;4.15&#8243; _module_preset=&#8220;default&#8220; header_font=&#8220;|700|||||||&#8220; header_font_size=&#8220;3vh&#8220; header_2_font=&#8220;|700||on|||||&#8220; header_2_text_color=&#8220;#FFFFFF&#8220; header_2_font_size=&#8220;24px&#8220; custom_margin=&#8220;-5px||||false|false&#8220; custom_margin_tablet=&#8220;&#8220; custom_margin_phone=&#8220;|||10px|false|false&#8220; custom_margin_last_edited=&#8220;on|phone&#8220; header_2_font_size_tablet=&#8220;23px&#8220; header_2_font_size_phone=&#8220;17px&#8220; header_2_font_size_last_edited=&#8220;on|phone&#8220; custom_css_main_element=&#8220;white-space: nowrap;&#8220; global_colors_info=&#8220;{}&#8220;]<\/p>\n<h2>Partne\u0159i<\/h2>\n<p>[\/et_pb_text][\/et_pb_column][et_pb_column type=&#8220;1_2&#8243; _builder_version=&#8220;4.15&#8243; _module_preset=&#8220;default&#8220; global_colors_info=&#8220;{}&#8220;][\/et_pb_column][\/et_pb_row][\/et_pb_section][et_pb_section fb_built=&#8220;1&#8243; _builder_version=&#8220;4.15&#8243; _module_preset=&#8220;default&#8220; custom_margin=&#8220;0px||0px||true|false&#8220; custom_padding=&#8220;30px||||false|false&#8220; global_colors_info=&#8220;{}&#8220;][et_pb_row _builder_version=&#8220;4.15&#8243; _module_preset=&#8220;default&#8220; width=&#8220;90%&#8220; module_alignment=&#8220;center&#8220; custom_margin=&#8220;||||false|false&#8220; custom_padding=&#8220;0px||||false|false&#8220; locked=&#8220;off&#8220; global_colors_info=&#8220;{}&#8220;][et_pb_column type=&#8220;4_4&#8243; _builder_version=&#8220;4.15&#8243; _module_preset=&#8220;default&#8220; global_colors_info=&#8220;{}&#8220;][et_pb_text _builder_version=&#8220;4.15&#8243; _module_preset=&#8220;default&#8220; text_font=&#8220;|700|||||||&#8220; text_text_color=&#8220;#005597&#8243; text_font_size=&#8220;16px&#8220; text_line_height=&#8220;1.5em&#8220; header_2_font=&#8220;Montserrat|800|||||||&#8220; header_2_text_align=&#8220;center&#8220; header_2_text_color=&#8220;#000000&#8243; header_2_font_size=&#8220;25px&#8220; background_color=&#8220;RGBA(255,255,255,0)&#8220; custom_margin=&#8220;||10px||false|false&#8220; text_font_size_tablet=&#8220;18px&#8220; text_font_size_phone=&#8220;15px&#8220; text_font_size_last_edited=&#8220;on|phone&#8220; locked=&#8220;off&#8220; global_colors_info=&#8220;{}&#8220;]<\/p>\n<p>Na\u0161i hlavn\u00ed partne\u0159i<\/p>\n<p>[\/et_pb_text][et_pb_text _builder_version=&#8220;4.15&#8243; _module_preset=&#8220;default&#8220; text_font=&#8220;|600|||||||&#8220; text_text_color=&#8220;#000000&#8243; text_line_height=&#8220;1.5em&#8220; header_2_font=&#8220;Montserrat|800|||||||&#8220; header_2_text_align=&#8220;center&#8220; header_2_text_color=&#8220;#000000&#8243; header_2_font_size=&#8220;25px&#8220; background_color=&#8220;RGBA(255,255,255,0)&#8220; custom_margin=&#8220;||10px||false|false&#8220; text_font_size_tablet=&#8220;18px&#8220; text_font_size_phone=&#8220;15px&#8220; text_font_size_last_edited=&#8220;on|phone&#8220; locked=&#8220;off&#8220; global_colors_info=&#8220;{}&#8220;]<\/p>\n<p id=\"tw-target-text\" class=\"tw-data-text tw-text-large tw-ta\" dir=\"ltr\" data-placeholder=\"P\u0159eklad\"><span class=\"Y2IQFc\" lang=\"cs\">Zde je v\u00fdb\u011br na\u0161ich dodavatel\u016f a obchodn\u00edch partner\u016f.<\/span><\/p>\n<p>[\/et_pb_text][\/et_pb_column][\/et_pb_row][et_pb_row column_structure=&#8220;1_6,1_6,1_6,1_6,1_6,1_6&#8243; _builder_version=&#8220;4.15.0&#8243; _module_preset=&#8220;default&#8220; background_enable_color=&#8220;off&#8220; width=&#8220;90%&#8220; custom_margin=&#8220;||||false|false&#8220; custom_padding=&#8220;0px||0px||false|false&#8220; global_colors_info=&#8220;{}&#8220;][et_pb_column type=&#8220;1_6&#8243; _builder_version=&#8220;4.15.0&#8243; _module_preset=&#8220;default&#8220; custom_css_main_element=&#8220;margin:auto;&#8220; border_width_all=&#8220;2px&#8220; border_color_all=&#8220;#bbd5f0&#8243; global_colors_info=&#8220;{}&#8220;][et_pb_image src=&#8220;http:\/\/baustoff-ostrava.cz\/ostrava\/wp-content\/uploads\/2022\/03\/logo10.gif&#8220; align=&#8220;center&#8220; _builder_version=&#8220;4.15.0&#8243; _module_preset=&#8220;default&#8220; width=&#8220;120px&#8220; min_height=&#8220;100px&#8220; border_width_all=&#8220;10px&#8220; border_color_all=&#8220;#FFFFFF&#8220; locked=&#8220;off&#8220; global_colors_info=&#8220;{}&#8220;][\/et_pb_image][\/et_pb_column][et_pb_column type=&#8220;1_6&#8243; _builder_version=&#8220;4.15.0&#8243; _module_preset=&#8220;default&#8220; custom_css_main_element=&#8220;margin:auto;&#8220; border_width_all=&#8220;2px&#8220; border_color_all=&#8220;#bbd5f0&#8243; global_colors_info=&#8220;{}&#8220;][et_pb_image src=&#8220;http:\/\/baustoff-ostrava.cz\/ostrava\/wp-content\/uploads\/2022\/03\/logo3.gif&#8220; align=&#8220;center&#8220; _builder_version=&#8220;4.15.0&#8243; _module_preset=&#8220;default&#8220; width=&#8220;120px&#8220; min_height=&#8220;100px&#8220; border_width_all=&#8220;10px&#8220; border_color_all=&#8220;#FFFFFF&#8220; locked=&#8220;off&#8220; global_colors_info=&#8220;{}&#8220;][\/et_pb_image][\/et_pb_column][et_pb_column type=&#8220;1_6&#8243; _builder_version=&#8220;4.15.0&#8243; _module_preset=&#8220;default&#8220; custom_padding=&#8220;30px||30px||true|false&#8220; custom_css_main_element=&#8220;margin:auto;||&#8220; border_width_all=&#8220;2px&#8220; border_color_all=&#8220;#bbd5f0&#8243; global_colors_info=&#8220;{}&#8220;][et_pb_image src=&#8220;http:\/\/baustoff-ostrava.cz\/ostrava\/wp-content\/uploads\/2024\/02\/eco-200.jpg&#8220; title_text=&#8220;eco-200&#8243; align=&#8220;center&#8220; _builder_version=&#8220;4.15.0&#8243; _module_preset=&#8220;default&#8220; width=&#8220;100%&#8220; max_width=&#8220;120px&#8220; custom_margin=&#8220;10px||5px||false|false&#8220; border_width_all=&#8220;10px&#8220; border_color_all=&#8220;#FFFFFF&#8220; box_shadow_style=&#8220;preset5&#8243; box_shadow_vertical=&#8220;0px&#8220; box_shadow_spread=&#8220;2px&#8220; box_shadow_color=&#8220;RGBA(255,255,255,0)&#8220; locked=&#8220;off&#8220; global_colors_info=&#8220;{}&#8220;][\/et_pb_image][\/et_pb_column][et_pb_column type=&#8220;1_6&#8243; _builder_version=&#8220;4.15.0&#8243; _module_preset=&#8220;default&#8220; custom_css_main_element=&#8220;margin:auto;&#8220; border_width_all=&#8220;2px&#8220; border_color_all=&#8220;#bbd5f0&#8243; global_colors_info=&#8220;{}&#8220;][et_pb_image src=&#8220;http:\/\/baustoff-ostrava.cz\/ostrava\/wp-content\/uploads\/2022\/03\/euromix-1.gif&#8220; align=&#8220;center&#8220; _builder_version=&#8220;4.15.0&#8243; _module_preset=&#8220;default&#8220; width=&#8220;120px&#8220; min_height=&#8220;100px&#8220; border_width_all=&#8220;10px&#8220; border_color_all=&#8220;#FFFFFF&#8220; locked=&#8220;off&#8220; global_colors_info=&#8220;{}&#8220;][\/et_pb_image][\/et_pb_column][et_pb_column type=&#8220;1_6&#8243; _builder_version=&#8220;4.15.0&#8243; _module_preset=&#8220;default&#8220; custom_padding=&#8220;33px||33px||true|false&#8220; custom_css_main_element=&#8220;margin:auto;||&#8220; border_width_all=&#8220;2px&#8220; border_color_all=&#8220;#bbd5f0&#8243; global_colors_info=&#8220;{}&#8220;][et_pb_image src=&#8220;http:\/\/baustoff-ostrava.cz\/ostrava\/wp-content\/uploads\/2024\/02\/euro1-9.jpg&#8220; title_text=&#8220;euro1&#8243; align=&#8220;center&#8220; _builder_version=&#8220;4.15.0&#8243; _module_preset=&#8220;default&#8220; width=&#8220;120px&#8220; border_width_all=&#8220;10px&#8220; border_color_all=&#8220;#FFFFFF&#8220; locked=&#8220;off&#8220; global_colors_info=&#8220;{}&#8220;][\/et_pb_image][\/et_pb_column][et_pb_column type=&#8220;1_6&#8243; _builder_version=&#8220;4.15.0&#8243; _module_preset=&#8220;default&#8220; border_width_all=&#8220;2px&#8220; border_color_all=&#8220;#bbd5f0&#8243; global_colors_info=&#8220;{}&#8220;][et_pb_image src=&#8220;http:\/\/baustoff-ostrava.cz\/ostrava\/wp-content\/uploads\/2024\/02\/Fermacell-JH-CMYK-final_18101.jpg&#8220; title_text=&#8220;Fermacell-JH-CMYK-final_18101&#8243; align=&#8220;center&#8220; _builder_version=&#8220;4.15.0&#8243; _module_preset=&#8220;default&#8220; width=&#8220;120px&#8220; min_height=&#8220;100px&#8220; border_width_all=&#8220;10px&#8220; border_color_all=&#8220;#FFFFFF&#8220; locked=&#8220;off&#8220; global_colors_info=&#8220;{}&#8220;][\/et_pb_image][\/et_pb_column][\/et_pb_row][et_pb_row column_structure=&#8220;1_6,1_6,1_6,1_6,1_6,1_6&#8243; make_equal=&#8220;on&#8220; _builder_version=&#8220;4.15.0&#8243; _module_preset=&#8220;default&#8220; background_enable_color=&#8220;off&#8220; width=&#8220;90%&#8220; custom_padding=&#8220;||||false|false&#8220; global_colors_info=&#8220;{}&#8220;][et_pb_column type=&#8220;1_6&#8243; _builder_version=&#8220;4.15.0&#8243; _module_preset=&#8220;default&#8220; custom_padding=&#8220;40px||40px||true|false&#8220; custom_css_main_element=&#8220;margin:auto;&#8220; border_width_all=&#8220;2px&#8220; border_color_all=&#8220;#bbd5f0&#8243; global_colors_info=&#8220;{}&#8220;][et_pb_image src=&#8220;http:\/\/baustoff-ostrava.cz\/ostrava\/wp-content\/uploads\/2024\/02\/isover1-1-1.jpg&#8220; title_text=&#8220;isover1 (1)&#8220; align=&#8220;center&#8220; _builder_version=&#8220;4.15.0&#8243; _module_preset=&#8220;default&#8220; width=&#8220;120px&#8220; custom_margin=&#8220;-8px||-8px||true|false&#8220; border_width_all=&#8220;10px&#8220; border_color_all=&#8220;#FFFFFF&#8220; locked=&#8220;off&#8220; global_colors_info=&#8220;{}&#8220;][\/et_pb_image][\/et_pb_column][et_pb_column type=&#8220;1_6&#8243; _builder_version=&#8220;4.15.0&#8243; _module_preset=&#8220;default&#8220; custom_padding=&#8220;10px||10px||true|false&#8220; custom_css_main_element=&#8220;margin:auto;&#8220; border_width_all=&#8220;2px&#8220; border_color_all=&#8220;#bbd5f0&#8243; global_colors_info=&#8220;{}&#8220;][et_pb_image src=&#8220;http:\/\/baustoff-ostrava.cz\/ostrava\/wp-content\/uploads\/2024\/02\/JamesHardie-CMYK-final_18102-1-e1707499585916.jpg&#8220; title_text=&#8220;JamesHardie-CMYK-final_18102 (1)&#8220; align=&#8220;center&#8220; _builder_version=&#8220;4.15.0&#8243; _module_preset=&#8220;default&#8220; width=&#8220;120px&#8220; min_height=&#8220;100px&#8220; border_width_all=&#8220;10px&#8220; border_color_all=&#8220;#FFFFFF&#8220; locked=&#8220;off&#8220; global_colors_info=&#8220;{}&#8220;][\/et_pb_image][\/et_pb_column][et_pb_column type=&#8220;1_6&#8243; _builder_version=&#8220;4.15.0&#8243; _module_preset=&#8220;default&#8220; custom_padding=&#8220;10px||10px||true|false&#8220; custom_css_main_element=&#8220;margin:auto;||&#8220; border_width_all=&#8220;2px&#8220; border_color_all=&#8220;#bbd5f0&#8243; global_colors_info=&#8220;{}&#8220;][et_pb_image src=&#8220;http:\/\/baustoff-ostrava.cz\/ostrava\/wp-content\/uploads\/2022\/03\/kronospan-1.png&#8220; align=&#8220;center&#8220; _builder_version=&#8220;4.15.0&#8243; _module_preset=&#8220;default&#8220; width=&#8220;120px&#8220; min_height=&#8220;100px&#8220; border_width_all=&#8220;10px&#8220; border_color_all=&#8220;#FFFFFF&#8220; locked=&#8220;off&#8220; global_colors_info=&#8220;{}&#8220;][\/et_pb_image][\/et_pb_column][et_pb_column type=&#8220;1_6&#8243; _builder_version=&#8220;4.15.0&#8243; _module_preset=&#8220;default&#8220; custom_padding=&#8220;10px||10px||true|false&#8220; custom_css_main_element=&#8220;margin:auto;&#8220; border_width_all=&#8220;2px&#8220; border_color_all=&#8220;#bbd5f0&#8243; global_colors_info=&#8220;{}&#8220;][et_pb_image src=&#8220;http:\/\/baustoff-ostrava.cz\/ostrava\/wp-content\/uploads\/2024\/02\/knauf.jpg&#8220; title_text=&#8220;knauf&#8220; align=&#8220;center&#8220; _builder_version=&#8220;4.15.0&#8243; _module_preset=&#8220;default&#8220; width=&#8220;120px&#8220; min_height=&#8220;100px&#8220; border_width_all=&#8220;10px&#8220; border_color_all=&#8220;#FFFFFF&#8220; global_colors_info=&#8220;{}&#8220;][\/et_pb_image][\/et_pb_column][et_pb_column type=&#8220;1_6&#8243; _builder_version=&#8220;4.15.0&#8243; _module_preset=&#8220;default&#8220; custom_padding=&#8220;10px||10px||true|false&#8220; custom_css_main_element=&#8220;margin:auto;||&#8220; border_width_all=&#8220;2px&#8220; border_color_all=&#8220;#bbd5f0&#8243; global_colors_info=&#8220;{}&#8220;][et_pb_image src=&#8220;http:\/\/baustoff-ostrava.cz\/ostrava\/wp-content\/uploads\/2022\/03\/logo7-1.gif&#8220; align=&#8220;center&#8220; _builder_version=&#8220;4.15.0&#8243; _module_preset=&#8220;default&#8220; width=&#8220;120px&#8220; min_height=&#8220;100px&#8220; border_width_all=&#8220;10px&#8220; border_color_all=&#8220;#FFFFFF&#8220; locked=&#8220;off&#8220; global_colors_info=&#8220;{}&#8220;][\/et_pb_image][\/et_pb_column][et_pb_column type=&#8220;1_6&#8243; _builder_version=&#8220;4.15.0&#8243; _module_preset=&#8220;default&#8220; custom_padding=&#8220;10px||10px||true|false&#8220; custom_css_main_element=&#8220;margin:auto;&#8220; border_width_all=&#8220;2px&#8220; border_color_all=&#8220;#bbd5f0&#8243; global_colors_info=&#8220;{}&#8220;][et_pb_image src=&#8220;http:\/\/baustoff-ostrava.cz\/ostrava\/wp-content\/uploads\/2022\/03\/1627383314757.jpg&#8220; align=&#8220;center&#8220; _builder_version=&#8220;4.15.0&#8243; _module_preset=&#8220;default&#8220; width=&#8220;120px&#8220; min_height=&#8220;100px&#8220; border_width_all=&#8220;10px&#8220; border_color_all=&#8220;#FFFFFF&#8220; locked=&#8220;off&#8220; global_colors_info=&#8220;{}&#8220;][\/et_pb_image][\/et_pb_column][\/et_pb_row][et_pb_row column_structure=&#8220;1_6,1_6,1_6,1_6,1_6,1_6&#8243; make_equal=&#8220;on&#8220; _builder_version=&#8220;4.15.0&#8243; _module_preset=&#8220;default&#8220; background_enable_color=&#8220;off&#8220; width=&#8220;90%&#8220; custom_padding=&#8220;0px||0px||true|false&#8220; global_colors_info=&#8220;{}&#8220;][et_pb_column type=&#8220;1_6&#8243; _builder_version=&#8220;4.15.0&#8243; _module_preset=&#8220;default&#8220; custom_padding=&#8220;36px||36px||true|false&#8220; custom_css_main_element=&#8220;margin:auto;&#8220; border_width_all=&#8220;2px&#8220; border_color_all=&#8220;#bbd5f0&#8243; global_colors_info=&#8220;{}&#8220;][et_pb_image src=&#8220;http:\/\/baustoff-ostrava.cz\/ostrava\/wp-content\/uploads\/2024\/02\/rigips1.jpg&#8220; title_text=&#8220;rigips1&#8243; align=&#8220;center&#8220; _builder_version=&#8220;4.15.0&#8243; _module_preset=&#8220;default&#8220; width=&#8220;120px&#8220; border_width_all=&#8220;10px&#8220; border_color_all=&#8220;#FFFFFF&#8220; locked=&#8220;off&#8220; global_colors_info=&#8220;{}&#8220;][\/et_pb_image][\/et_pb_column][et_pb_column type=&#8220;1_6&#8243; _builder_version=&#8220;4.15.0&#8243; _module_preset=&#8220;default&#8220; custom_padding=&#8220;40px||40px||true|false&#8220; custom_css_main_element=&#8220;margin:auto;&#8220; border_width_all=&#8220;2px&#8220; border_color_all=&#8220;#bbd5f0&#8243; global_colors_info=&#8220;{}&#8220;][et_pb_image src=&#8220;http:\/\/baustoff-ostrava.cz\/ostrava\/wp-content\/uploads\/2024\/02\/RGB-ROCKWOOL\u00ae-logo-Primary-Colour-RGB-e1707693178673.png&#8220; title_text=&#8220;RGB ROCKWOOL\u00ae logo &#8211; Primary Colour RGB&#8220; align=&#8220;center&#8220; _builder_version=&#8220;4.15.0&#8243; _module_preset=&#8220;default&#8220; width=&#8220;120px&#8220; custom_margin=&#8220;||||false|false&#8220; custom_padding=&#8220;||||true|false&#8220; border_width_all=&#8220;10px&#8220; border_color_all=&#8220;#FFFFFF&#8220; locked=&#8220;off&#8220; global_colors_info=&#8220;{}&#8220;][\/et_pb_image][\/et_pb_column][et_pb_column type=&#8220;1_6&#8243; _builder_version=&#8220;4.15.0&#8243; _module_preset=&#8220;default&#8220; custom_padding=&#8220;34px||34px||true|false&#8220; custom_css_main_element=&#8220;margin:auto;||&#8220; border_width_all=&#8220;2px&#8220; border_color_all=&#8220;#bbd5f0&#8243; global_colors_info=&#8220;{}&#8220;][et_pb_image src=&#8220;http:\/\/baustoff-ostrava.cz\/ostrava\/wp-content\/uploads\/2024\/02\/RGB-Rockfon\u00ae-logo-Primary-Colour-1.png&#8220; title_text=&#8220;RGB Rockfon\u00ae logo &#8211; Primary Colour (1)&#8220; align=&#8220;center&#8220; _builder_version=&#8220;4.15.0&#8243; _module_preset=&#8220;default&#8220; width=&#8220;120px&#8220; border_width_all=&#8220;10px&#8220; border_color_all=&#8220;#FFFFFF&#8220; locked=&#8220;off&#8220; global_colors_info=&#8220;{}&#8220;][\/et_pb_image][\/et_pb_column][et_pb_column type=&#8220;1_6&#8243; _builder_version=&#8220;4.15.0&#8243; _module_preset=&#8220;default&#8220; custom_padding=&#8220;27px||27px||true|false&#8220; custom_css_main_element=&#8220;margin:auto;&#8220; border_width_all=&#8220;2px&#8220; border_color_all=&#8220;#bbd5f0&#8243; global_colors_info=&#8220;{}&#8220;][et_pb_image src=&#8220;http:\/\/baustoff-ostrava.cz\/ostrava\/wp-content\/uploads\/2024\/02\/rojo1.jpg&#8220; title_text=&#8220;rojo1&#8243; align=&#8220;center&#8220; _builder_version=&#8220;4.15.0&#8243; _module_preset=&#8220;default&#8220; width=&#8220;120px&#8220; border_width_all=&#8220;10px&#8220; border_color_all=&#8220;#FFFFFF&#8220; locked=&#8220;off&#8220; global_colors_info=&#8220;{}&#8220;][\/et_pb_image][\/et_pb_column][et_pb_column type=&#8220;1_6&#8243; _builder_version=&#8220;4.15.0&#8243; _module_preset=&#8220;default&#8220; custom_padding=&#8220;40px||40px||true|false&#8220; custom_css_main_element=&#8220;margin:auto;||&#8220; border_width_all=&#8220;2px&#8220; border_color_all=&#8220;#bbd5f0&#8243; global_colors_info=&#8220;{}&#8220;][et_pb_image src=&#8220;http:\/\/baustoff-ostrava.cz\/ostrava\/wp-content\/uploads\/2024\/02\/weber-1-3.png&#8220; title_text=&#8220;weber-1&#8243; align=&#8220;center&#8220; _builder_version=&#8220;4.15.0&#8243; _module_preset=&#8220;default&#8220; width=&#8220;120px&#8220; hover_enabled=&#8220;0&#8243; border_width_all=&#8220;10px&#8220; border_color_all=&#8220;#FFFFFF&#8220; locked=&#8220;off&#8220; global_colors_info=&#8220;{}&#8220; sticky_enabled=&#8220;0&#8243;][\/et_pb_image][\/et_pb_column][et_pb_column type=&#8220;1_6&#8243; _builder_version=&#8220;4.15.0&#8243; _module_preset=&#8220;default&#8220; custom_padding=&#8220;8px||8px||true|false&#8220; custom_css_main_element=&#8220;margin:auto;&#8220; border_width_all=&#8220;2px&#8220; border_color_all=&#8220;#bbd5f0&#8243; global_colors_info=&#8220;{}&#8220;][et_pb_image src=&#8220;http:\/\/baustoff-ostrava.cz\/ostrava\/wp-content\/uploads\/2022\/03\/wedi.png&#8220; align=&#8220;center&#8220; _builder_version=&#8220;4.15.0&#8243; _module_preset=&#8220;default&#8220; width=&#8220;120px&#8220; min_height=&#8220;100px&#8220; border_width_all=&#8220;10px&#8220; border_color_all=&#8220;#FFFFFF&#8220; locked=&#8220;off&#8220; global_colors_info=&#8220;{}&#8220;][\/et_pb_image][\/et_pb_column][\/et_pb_row][\/et_pb_section]<\/p>\n","protected":false},"excerpt":{"rendered":"<p>Baustoff + Metall\u00a0 OstravaPartne\u0159iNa\u0161i hlavn\u00ed partne\u0159iZde je v\u00fdb\u011br na\u0161ich dodavatel\u016f a obchodn\u00edch partner\u016f.<\/p>\n","protected":false},"author":1,"featured_media":0,"parent":0,"menu_order":0,"comment_status":"closed","ping_status":"closed","template":"","meta":{"_et_pb_use_builder":"on","_et_pb_old_content":"","_et_gb_content_width":"","footnotes":""},"class_list":["post-39","page","type-page","status-publish","hentry"],"_links":{"self":[{"href":"http:\/\/baustoff-ostrava.cz\/ostrava\/index.php?rest_route=\/wp\/v2\/pages\/39","targetHints":{"allow":["GET"]}}],"collection":[{"href":"http:\/\/baustoff-ostrava.cz\/ostrava\/index.php?rest_route=\/wp\/v2\/pages"}],"about":[{"href":"http:\/\/baustoff-ostrava.cz\/ostrava\/index.php?rest_route=\/wp\/v2\/types\/page"}],"author":[{"embeddable":true,"href":"http:\/\/baustoff-ostrava.cz\/ostrava\/index.php?rest_route=\/wp\/v2\/users\/1"}],"replies":[{"embeddable":true,"href":"http:\/\/baustoff-ostrava.cz\/ostrava\/index.php?rest_route=%2Fwp%2Fv2%2Fcomments&post=39"}],"version-history":[{"count":58,"href":"http:\/\/baustoff-ostrava.cz\/ostrava\/index.php?rest_route=\/wp\/v2\/pages\/39\/revisions"}],"predecessor-version":[{"id":746,"href":"http:\/\/baustoff-ostrava.cz\/ostrava\/index.php?rest_route=\/wp\/v2\/pages\/39\/revisions\/746"}],"wp:attachment":[{"href":"http:\/\/baustoff-ostrava.cz\/ostrava\/index.php?rest_route=%2Fwp%2Fv2%2Fmedia&parent=39"}],"curies":[{"name":"wp","href":"https:\/\/api.w.org\/{rel}","templated":true}]}}