{"id":33,"date":"2022-03-09T22:49:20","date_gmt":"2022-03-09T21:49:20","guid":{"rendered":"http:\/\/www.baustoff-ostrava.cz\/ostrava\/www\/?page_id=33"},"modified":"2022-03-13T12:02:37","modified_gmt":"2022-03-13T11:02:37","slug":"kontaktni-formular","status":"publish","type":"page","link":"http:\/\/baustoff-ostrava.cz\/ostrava\/?page_id=33","title":{"rendered":"Kontakt"},"content":{"rendered":"<p>[et_pb_section fb_built=&#8220;1&#8243; custom_padding_last_edited=&#8220;on|tablet&#8220; _builder_version=&#8220;4.14.9&#8243; _module_preset=&#8220;default&#8220; background_enable_color=&#8220;off&#8220; background_color_gradient_start=&#8220;#bcd1ea&#8220; background_color_gradient_end=&#8220;rgba(255,255,255,0)&#8220; background_color_gradient_direction=&#8220;90deg&#8220; background_image=&#8220;http:\/\/baustoff-ostrava.cz\/ostrava\/wp-content\/uploads\/2022\/03\/fr1_auto_x2.jpg&#8220; background_position=&#8220;center_right&#8220; width_tablet=&#8220;&#8220; width_phone=&#8220;&#8220; width_last_edited=&#8220;on|phone&#8220; custom_padding=&#8220;7vw||7vw||true|false&#8220; custom_padding_tablet=&#8220;7vw||7vw||true|false&#8220; custom_padding_phone=&#8220;25vw||0vw||false|false&#8220; border_width_top=&#8220;3px&#8220; border_color_top=&#8220;#005596&#8243; border_width_bottom=&#8220;2px&#8220; border_color_bottom=&#8220;#005596&#8243; collapsed=&#8220;off&#8220; global_colors_info=&#8220;{}&#8220;][et_pb_row column_structure=&#8220;1_2,1_2&#8243; use_custom_gutter=&#8220;on&#8220; _builder_version=&#8220;4.14.9&#8243; _module_preset=&#8220;default&#8220; width_tablet=&#8220;&#8220; width_phone=&#8220;100%&#8220; width_last_edited=&#8220;on|phone&#8220; custom_padding=&#8220;0px||0px||false|false&#8220; hover_enabled=&#8220;0&#8243; background_last_edited=&#8220;on|phone&#8220; background_enable_color_phone=&#8220;off&#8220; global_colors_info=&#8220;{}&#8220; sticky_enabled=&#8220;0&#8243;][et_pb_column type=&#8220;1_2&#8243; _builder_version=&#8220;4.14.9&#8243; _module_preset=&#8220;default&#8220; background_color=&#8220;#005596&#8243; transform_translate_linked=&#8220;off&#8220; hover_enabled=&#8220;0&#8243; background_last_edited=&#8220;on|desktop&#8220; global_colors_info=&#8220;{}&#8220; module_class=&#8220;hlavicka&#8220; sticky_enabled=&#8220;0&#8243;][et_pb_text module_class=&#8220;emotion-txt&#8220; _builder_version=&#8220;4.14.7&#8243; _module_preset=&#8220;default&#8220; header_font=&#8220;|700|||||||&#8220; header_text_color=&#8220;#4b83b3&#8243; header_font_size=&#8220;42px&#8220; custom_margin=&#8220;||||false|false&#8220; custom_margin_tablet=&#8220;||||false|false&#8220; custom_margin_phone=&#8220;|||10px|false|false&#8220; custom_margin_last_edited=&#8220;on|phone&#8220; custom_padding=&#8220;||||false|false&#8220; header_font_size_tablet=&#8220;3vh&#8220; header_font_size_phone=&#8220;22px&#8220; header_font_size_last_edited=&#8220;on|phone&#8220; custom_css_main_element=&#8220;white-space: nowrap;&#8220; global_colors_info=&#8220;{}&#8220;]<\/p>\n<h1>Baustoff + Metall\u00a0 Ostrava<\/h1>\n<p>[\/et_pb_text][et_pb_text module_class=&#8220;emotion-txt&#8220; _builder_version=&#8220;4.14.8&#8243; _module_preset=&#8220;default&#8220; header_font=&#8220;|700|||||||&#8220; header_font_size=&#8220;3vh&#8220; header_2_font=&#8220;|700||on|||||&#8220; header_2_text_color=&#8220;#FFFFFF&#8220; header_2_font_size=&#8220;24px&#8220; custom_margin=&#8220;-5px||||false|false&#8220; custom_margin_tablet=&#8220;&#8220; custom_margin_phone=&#8220;|||10px|false|false&#8220; custom_margin_last_edited=&#8220;on|phone&#8220; header_2_font_size_tablet=&#8220;23px&#8220; header_2_font_size_phone=&#8220;17px&#8220; header_2_font_size_last_edited=&#8220;on|phone&#8220; custom_css_main_element=&#8220;white-space: nowrap;&#8220; global_colors_info=&#8220;{}&#8220;]<\/p>\n<h2>Kontakt<\/h2>\n<p>[\/et_pb_text][\/et_pb_column][et_pb_column type=&#8220;1_2&#8243; _builder_version=&#8220;4.14.7&#8243; _module_preset=&#8220;default&#8220; global_colors_info=&#8220;{}&#8220;][\/et_pb_column][\/et_pb_row][\/et_pb_section][et_pb_section fb_built=&#8220;1&#8243; custom_padding_last_edited=&#8220;on|phone&#8220; admin_label=&#8220;D&#8220; module_id=&#8220;KONTAKT&#8220; _builder_version=&#8220;4.14.8&#8243; background_enable_color=&#8220;off&#8220; background_color_gradient_start=&#8220;rgba(0,0,0,0.81)&#8220; background_color_gradient_end=&#8220;rgba(0,0,0,0)&#8220; background_color_gradient_direction=&#8220;0deg&#8220; background_enable_image=&#8220;off&#8220; background_position=&#8220;bottom_center&#8220; custom_margin=&#8220;||||false|false&#8220; custom_padding=&#8220;30px|0px||0px|false|false&#8220; custom_padding_tablet=&#8220;&#8220; custom_padding_phone=&#8220;30px||||false|false&#8220; background_last_edited=&#8220;on|phone&#8220; background_enable_color_phone=&#8220;off&#8220; use_background_color_gradient_phone=&#8220;off&#8220; background_color_gradient_end_phone=&#8220;rgba(0,0,0,0.5)&#8220; background_color_gradient_direction_phone=&#8220;180deg&#8220; background_color_gradient_start_position_phone=&#8220;0%&#8220; background_color_gradient_end_position_phone=&#8220;0%&#8220; locked=&#8220;off&#8220; global_colors_info=&#8220;{}&#8220;][et_pb_row _builder_version=&#8220;4.14.7&#8243; _module_preset=&#8220;default&#8220; width=&#8220;90%&#8220; custom_padding=&#8220;0px||||false|false&#8220; locked=&#8220;off&#8220; global_colors_info=&#8220;{}&#8220;][et_pb_column type=&#8220;4_4&#8243; _builder_version=&#8220;4.14.7&#8243; _module_preset=&#8220;default&#8220; global_colors_info=&#8220;{}&#8220;][et_pb_text _builder_version=&#8220;4.14.7&#8243; _module_preset=&#8220;default&#8220; text_font=&#8220;|700|||||||&#8220; text_text_color=&#8220;#005597&#8243; text_font_size=&#8220;16px&#8220; text_font_size_tablet=&#8220;15px&#8220; text_font_size_phone=&#8220;15px&#8220; text_font_size_last_edited=&#8220;on|desktop&#8220; locked=&#8220;off&#8220; global_colors_info=&#8220;{}&#8220;]<\/p>\n<p>M\u00e1te dotaz, napi\u0161te n\u00e1m<\/p>\n<p>[\/et_pb_text][\/et_pb_column][\/et_pb_row][et_pb_row column_structure=&#8220;3_5,2_5&#8243; use_custom_gutter=&#8220;on&#8220; gutter_width=&#8220;4&#8243; padding_top_bottom_link_2=&#8220;true&#8220; padding_left_right_link_2=&#8220;true&#8220; module_id=&#8220;kotva_kontakt&#8220; _builder_version=&#8220;4.14.8&#8243; width=&#8220;90%&#8220; width_tablet=&#8220;&#8220; width_phone=&#8220;90%&#8220; width_last_edited=&#8220;on|phone&#8220; module_alignment=&#8220;center&#8220; custom_margin=&#8220;||||false|false&#8220; custom_margin_tablet=&#8220;&#8220; custom_margin_phone=&#8220;&#8220; custom_margin_last_edited=&#8220;on|phone&#8220; custom_padding=&#8220;0px||0px||true|false&#8220; global_colors_info=&#8220;{}&#8220;][et_pb_column type=&#8220;3_5&#8243; _builder_version=&#8220;4.14.8&#8243; custom_padding=&#8220;20px|30px|30px|30px|false|true&#8220; custom_padding_tablet=&#8220;0px|||||false&#8220; custom_padding_phone=&#8220;||||false|false&#8220; custom_padding_last_edited=&#8220;on|phone&#8220; border_width_all=&#8220;1px&#8220; border_color_all=&#8220;#bcd1ea&#8220; global_colors_info=&#8220;{}&#8220; custom_padding__hover=&#8220;|||&#8220;][et_pb_contact_form captcha=&#8220;off&#8220; email=&#8220;ostrava@baustoff-metall.com&#8220; success_message=&#8220;D\u011bkujeme za zpr\u00e1vu. Co nejd\u0159\u00edve se V\u00e1m ozveme&#8220; submit_button_text=&#8220;Odeslat&#8220; module_class=&#8220;lwp-label-contact&#8220; _builder_version=&#8220;4.14.8&#8243; _unique_id=&#8220;47a556b6-c4b2-40f7-9049-139e692435c1&#8243; form_field_background_color=&#8220;#f7f7f7&#8243; form_field_text_color=&#8220;RGBA(255,255,255,0)&#8220; form_field_focus_text_color=&#8220;#000000&#8243; form_field_custom_margin=&#8220;10px||10px||true|true&#8220; form_field_custom_padding=&#8220;15px|20px|15px|20px|true|true&#8220; title_level=&#8220;h2&#8243; title_font=&#8220;|700|||||||&#8220; title_text_color=&#8220;#005596&#8243; title_font_size=&#8220;16px&#8220; title_line_height=&#8220;1.4em&#8220; form_field_font=&#8220;||||||||&#8220; form_field_font_size=&#8220;14px&#8220; custom_button=&#8220;on&#8220; button_text_size=&#8220;14px&#8220; button_text_color=&#8220;#ffffff&#8220; button_bg_color=&#8220;#005597&#8243; button_border_width=&#8220;0px&#8220; button_border_color=&#8220;#005597&#8243; button_border_radius=&#8220;5px&#8220; button_font=&#8220;Poppins|700||on|||||&#8220; button_use_icon=&#8220;off&#8220; button_custom_margin=&#8220;20px||||false|false&#8220; button_custom_margin_tablet=&#8220;&#8220; button_custom_margin_phone=&#8220;&#8220; button_custom_margin_last_edited=&#8220;on|phone&#8220; button_custom_padding=&#8220;15px|30px|15px|30px|true|true&#8220; custom_margin=&#8220;||||true|false&#8220; custom_margin_tablet=&#8220;||||true|false&#8220; custom_margin_phone=&#8220;50px||||false|false&#8220; custom_margin_last_edited=&#8220;on|phone&#8220; custom_padding=&#8220;||||true|true&#8220; title_font_size_tablet=&#8220;&#8220; title_font_size_phone=&#8220;&#8220; title_font_size_last_edited=&#8220;on|phone&#8220; border_width_all=&#8220;1px&#8220; border_color_all=&#8220;#D6D6D6&#8243; box_shadow_style_button=&#8220;preset1&#8243; box_shadow_vertical_button=&#8220;5px&#8220; box_shadow_blur_button=&#8220;0px&#8220; box_shadow_color_button=&#8220;#004478&#8243; form_background_color=&#8220;rgba(0,0,0,0)&#8220; global_colors_info=&#8220;{}&#8220; button_text_color__hover=&#8220;#ffffff&#8220; button_text_color__hover_enabled=&#8220;on&#8220; button_bg_color__hover=&#8220;#004478&#8243; button_bg_color__hover_enabled=&#8220;on|hover&#8220; button_border_color__hover=&#8220;#000000&#8243; button_border_color__hover_enabled=&#8220;on|hover&#8220; button_letter_spacing__hover=&#8220;2px&#8220; button_letter_spacing__hover_enabled=&#8220;off|desktop&#8220; button_bg_enable_color__hover=&#8220;on&#8220; button_icon_color__hover_enabled=&#8220;on|desktop&#8220; transform_styles__hover_enabled=&#8220;off|desktop&#8220; transform_scale__hover_enabled=&#8220;off|desktop&#8220; transform_translate__hover_enabled=&#8220;off|desktop&#8220; transform_rotate__hover_enabled=&#8220;off|desktop&#8220; transform_skew__hover_enabled=&#8220;off|desktop&#8220; transform_origin__hover_enabled=&#8220;off|desktop&#8220; box_shadow_horizontal_button__hover_enabled=&#8220;on|hover&#8220; button_custom_margin__hover_enabled=&#8220;on|hover&#8220; button_custom_margin__hover_phone=&#8220;16px||||false|false&#8220; button_custom_margin__hover=&#8220;20px||||false|false&#8220; button_custom_padding__hover_enabled=&#8220;on|desktop&#8220; button_custom_padding__hover=&#8220;16px||14px||false|true&#8220; box_shadow_horizontal_button__hover=&#8220;0px&#8220; box_shadow_color_button__hover_enabled=&#8220;on|hover&#8220; box_shadow_color_button__hover=&#8220;#005597&#8243; button_text_color_hover=&#8220;#3FA2F7 &#8220; button_bg_color_hover=&#8220;#ffffff&#8220; button_border_color_hover=&#8220;#ffffff&#8220;][et_pb_contact_field field_id=&#8220;Full_Name&#8220; field_title=&#8220;Jm\u00e9no a p\u0159\u00edjmen\u00ed *&#8220; fullwidth_field=&#8220;on&#8220; _builder_version=&#8220;4.14.7&#8243; form_field_font=&#8220;||||||||&#8220; custom_margin=&#8220;||5px||false|false&#8220; custom_padding=&#8220;||||false|false&#8220; global_colors_info=&#8220;{}&#8220; button_text_size__hover_enabled=&#8220;off&#8220; button_one_text_size__hover_enabled=&#8220;off&#8220; button_two_text_size__hover_enabled=&#8220;off&#8220; button_text_color__hover_enabled=&#8220;off&#8220; button_one_text_color__hover_enabled=&#8220;off&#8220; button_two_text_color__hover_enabled=&#8220;off&#8220; button_border_width__hover_enabled=&#8220;off&#8220; button_one_border_width__hover_enabled=&#8220;off&#8220; button_two_border_width__hover_enabled=&#8220;off&#8220; button_border_color__hover_enabled=&#8220;off&#8220; button_one_border_color__hover_enabled=&#8220;off&#8220; button_two_border_color__hover_enabled=&#8220;off&#8220; button_border_radius__hover_enabled=&#8220;off&#8220; button_one_border_radius__hover_enabled=&#8220;off&#8220; button_two_border_radius__hover_enabled=&#8220;off&#8220; button_letter_spacing__hover_enabled=&#8220;off&#8220; button_one_letter_spacing__hover_enabled=&#8220;off&#8220; button_two_letter_spacing__hover_enabled=&#8220;off&#8220; button_bg_color__hover_enabled=&#8220;off&#8220; button_one_bg_color__hover_enabled=&#8220;off&#8220; button_two_bg_color__hover_enabled=&#8220;off&#8220;][\/et_pb_contact_field][et_pb_contact_field field_id=&#8220;Email_Address&#8220; field_title=&#8220;Email *&#8220; field_type=&#8220;email&#8220; _builder_version=&#8220;4.14.7&#8243; form_field_font=&#8220;||||||||&#8220; custom_margin=&#8220;||20px||false|false&#8220; custom_padding=&#8220;||||false|false&#8220; global_colors_info=&#8220;{}&#8220; button_text_size__hover_enabled=&#8220;off&#8220; button_one_text_size__hover_enabled=&#8220;off&#8220; button_two_text_size__hover_enabled=&#8220;off&#8220; button_text_color__hover_enabled=&#8220;off&#8220; button_one_text_color__hover_enabled=&#8220;off&#8220; button_two_text_color__hover_enabled=&#8220;off&#8220; button_border_width__hover_enabled=&#8220;off&#8220; button_one_border_width__hover_enabled=&#8220;off&#8220; button_two_border_width__hover_enabled=&#8220;off&#8220; button_border_color__hover_enabled=&#8220;off&#8220; button_one_border_color__hover_enabled=&#8220;off&#8220; button_two_border_color__hover_enabled=&#8220;off&#8220; button_border_radius__hover_enabled=&#8220;off&#8220; button_one_border_radius__hover_enabled=&#8220;off&#8220; button_two_border_radius__hover_enabled=&#8220;off&#8220; button_letter_spacing__hover_enabled=&#8220;off&#8220; button_one_letter_spacing__hover_enabled=&#8220;off&#8220; button_two_letter_spacing__hover_enabled=&#8220;off&#8220; button_bg_color__hover_enabled=&#8220;off&#8220; button_one_bg_color__hover_enabled=&#8220;off&#8220; button_two_bg_color__hover_enabled=&#8220;off&#8220;][\/et_pb_contact_field][et_pb_contact_field field_id=&#8220;Phone_Number&#8220; field_title=&#8220;Telefonn\u00ed \u010d\u00edslo *&#8220; allowed_symbols=&#8220;numbers&#8220; _builder_version=&#8220;4.14.7&#8243; form_field_font=&#8220;||||||||&#8220; custom_margin=&#8220;||5px||false|false&#8220; custom_padding=&#8220;||||false|false&#8220; global_colors_info=&#8220;{}&#8220; button_text_size__hover_enabled=&#8220;off&#8220; button_one_text_size__hover_enabled=&#8220;off&#8220; button_two_text_size__hover_enabled=&#8220;off&#8220; button_text_color__hover_enabled=&#8220;off&#8220; button_one_text_color__hover_enabled=&#8220;off&#8220; button_two_text_color__hover_enabled=&#8220;off&#8220; button_border_width__hover_enabled=&#8220;off&#8220; button_one_border_width__hover_enabled=&#8220;off&#8220; button_two_border_width__hover_enabled=&#8220;off&#8220; button_border_color__hover_enabled=&#8220;off&#8220; button_one_border_color__hover_enabled=&#8220;off&#8220; button_two_border_color__hover_enabled=&#8220;off&#8220; button_border_radius__hover_enabled=&#8220;off&#8220; button_one_border_radius__hover_enabled=&#8220;off&#8220; button_two_border_radius__hover_enabled=&#8220;off&#8220; button_letter_spacing__hover_enabled=&#8220;off&#8220; button_one_letter_spacing__hover_enabled=&#8220;off&#8220; button_two_letter_spacing__hover_enabled=&#8220;off&#8220; button_bg_color__hover_enabled=&#8220;off&#8220; button_one_bg_color__hover_enabled=&#8220;off&#8220; button_two_bg_color__hover_enabled=&#8220;off&#8220;][\/et_pb_contact_field][et_pb_contact_field field_id=&#8220;Msg&#8220; field_title=&#8220;Text *&#8220; field_type=&#8220;text&#8220; fullwidth_field=&#8220;on&#8220; _builder_version=&#8220;4.14.7&#8243; form_field_font=&#8220;||||||||&#8220; custom_margin=&#8220;||30px||false|false&#8220; custom_padding=&#8220;||||false|false&#8220; global_colors_info=&#8220;{}&#8220; button_text_size__hover_enabled=&#8220;off&#8220; button_one_text_size__hover_enabled=&#8220;off&#8220; button_two_text_size__hover_enabled=&#8220;off&#8220; button_text_color__hover_enabled=&#8220;off&#8220; button_one_text_color__hover_enabled=&#8220;off&#8220; button_two_text_color__hover_enabled=&#8220;off&#8220; button_border_width__hover_enabled=&#8220;off&#8220; button_one_border_width__hover_enabled=&#8220;off&#8220; button_two_border_width__hover_enabled=&#8220;off&#8220; button_border_color__hover_enabled=&#8220;off&#8220; button_one_border_color__hover_enabled=&#8220;off&#8220; button_two_border_color__hover_enabled=&#8220;off&#8220; button_border_radius__hover_enabled=&#8220;off&#8220; button_one_border_radius__hover_enabled=&#8220;off&#8220; button_two_border_radius__hover_enabled=&#8220;off&#8220; button_letter_spacing__hover_enabled=&#8220;off&#8220; button_one_letter_spacing__hover_enabled=&#8220;off&#8220; button_two_letter_spacing__hover_enabled=&#8220;off&#8220; button_bg_color__hover_enabled=&#8220;off&#8220; button_one_bg_color__hover_enabled=&#8220;off&#8220; button_two_bg_color__hover_enabled=&#8220;off&#8220;][\/et_pb_contact_field][et_pb_contact_field field_id=&#8220;SOUHLAS_GDPR&#8220; field_title=&#8220; &#8220; field_type=&#8220;checkbox&#8220; checkbox_options=&#8220;%91{%22value%22:%22Odesl\u00e1n\u00edm souhlas\u00edte se z\u00e1sadami ochrany osobn\u00edch \u00fadaj\u016f.%22,%22checked%22:1,%22dragID%22:-1,%22link_url%22:%22%22,%22link_text%22:%22%22}%93&#8243; required_mark=&#8220;off&#8220; fullwidth_field=&#8220;on&#8220; _builder_version=&#8220;4.14.7&#8243; form_field_text_color=&#8220;#000000&#8243; custom_margin_tablet=&#8220;&#8220; custom_margin_phone=&#8220;||||false|false&#8220; custom_margin_last_edited=&#8220;on|phone&#8220; global_colors_info=&#8220;{}&#8220;][\/et_pb_contact_field][\/et_pb_contact_form][\/et_pb_column][et_pb_column type=&#8220;2_5&#8243; _builder_version=&#8220;3.25&#8243; custom_padding=&#8220;40px|||&#8220; custom_padding_tablet=&#8220;0px|||||false&#8220; custom_padding_phone=&#8220;|3vw||&#8220; custom_padding_last_edited=&#8220;on|desktop&#8220; global_colors_info=&#8220;{}&#8220; custom_padding__hover=&#8220;|||&#8220;][\/et_pb_column][\/et_pb_row][\/et_pb_section]<\/p>\n","protected":false},"excerpt":{"rendered":"<p>Baustoff + Metall\u00a0 OstravaKontaktM\u00e1te dotaz, napi\u0161te n\u00e1m<\/p>\n","protected":false},"author":1,"featured_media":0,"parent":0,"menu_order":0,"comment_status":"closed","ping_status":"closed","template":"","meta":{"_et_pb_use_builder":"on","_et_pb_old_content":"","_et_gb_content_width":"","footnotes":""},"class_list":["post-33","page","type-page","status-publish","hentry"],"_links":{"self":[{"href":"http:\/\/baustoff-ostrava.cz\/ostrava\/index.php?rest_route=\/wp\/v2\/pages\/33","targetHints":{"allow":["GET"]}}],"collection":[{"href":"http:\/\/baustoff-ostrava.cz\/ostrava\/index.php?rest_route=\/wp\/v2\/pages"}],"about":[{"href":"http:\/\/baustoff-ostrava.cz\/ostrava\/index.php?rest_route=\/wp\/v2\/types\/page"}],"author":[{"embeddable":true,"href":"http:\/\/baustoff-ostrava.cz\/ostrava\/index.php?rest_route=\/wp\/v2\/users\/1"}],"replies":[{"embeddable":true,"href":"http:\/\/baustoff-ostrava.cz\/ostrava\/index.php?rest_route=%2Fwp%2Fv2%2Fcomments&post=33"}],"version-history":[{"count":3,"href":"http:\/\/baustoff-ostrava.cz\/ostrava\/index.php?rest_route=\/wp\/v2\/pages\/33\/revisions"}],"predecessor-version":[{"id":237,"href":"http:\/\/baustoff-ostrava.cz\/ostrava\/index.php?rest_route=\/wp\/v2\/pages\/33\/revisions\/237"}],"wp:attachment":[{"href":"http:\/\/baustoff-ostrava.cz\/ostrava\/index.php?rest_route=%2Fwp%2Fv2%2Fmedia&parent=33"}],"curies":[{"name":"wp","href":"https:\/\/api.w.org\/{rel}","templated":true}]}}