{"id":28,"date":"2022-03-09T22:47:57","date_gmt":"2022-03-09T21:47:57","guid":{"rendered":"http:\/\/www.baustoff-ostrava.cz\/ostrava\/www\/?page_id=28"},"modified":"2025-02-06T14:13:41","modified_gmt":"2025-02-06T13:13:41","slug":"doprava","status":"publish","type":"page","link":"http:\/\/baustoff-ostrava.cz\/ostrava\/?page_id=28","title":{"rendered":"Doprava"},"content":{"rendered":"<p>[et_pb_section fb_built=&#8220;1&#8243; custom_padding_last_edited=&#8220;on|tablet&#8220; _builder_version=&#8220;4.15&#8243; _module_preset=&#8220;default&#8220; background_enable_color=&#8220;off&#8220; background_color_gradient_start=&#8220;#bcd1ea&#8220; background_color_gradient_end=&#8220;rgba(255,255,255,0)&#8220; background_color_gradient_direction=&#8220;90deg&#8220; background_image=&#8220;http:\/\/baustoff-ostrava.cz\/ostrava\/wp-content\/uploads\/2022\/03\/d1-opr_auto_x2.jpg&#8220; width_tablet=&#8220;&#8220; width_phone=&#8220;&#8220; width_last_edited=&#8220;on|phone&#8220; custom_padding=&#8220;7vw||7vw||true|false&#8220; custom_padding_tablet=&#8220;7vw||7vw||true|false&#8220; custom_padding_phone=&#8220;25vw||0vw||false|false&#8220; border_width_top=&#8220;3px&#8220; border_color_top=&#8220;#005596&#8243; border_width_bottom=&#8220;2px&#8220; border_color_bottom=&#8220;#005596&#8243; collapsed=&#8220;off&#8220; global_colors_info=&#8220;{}&#8220;][et_pb_row column_structure=&#8220;1_2,1_2&#8243; use_custom_gutter=&#8220;on&#8220; _builder_version=&#8220;4.15&#8243; _module_preset=&#8220;default&#8220; width_tablet=&#8220;&#8220; width_phone=&#8220;100%&#8220; width_last_edited=&#8220;on|phone&#8220; custom_padding=&#8220;0px||0px||false|false&#8220; background_last_edited=&#8220;on|phone&#8220; background_enable_color_phone=&#8220;off&#8220; global_colors_info=&#8220;{}&#8220;][et_pb_column type=&#8220;1_2&#8243; module_class=&#8220;hlavicka&#8220; _builder_version=&#8220;4.15&#8243; _module_preset=&#8220;default&#8220; background_color=&#8220;#005596&#8243; transform_translate_linked=&#8220;off&#8220; background_last_edited=&#8220;on|desktop&#8220; global_colors_info=&#8220;{}&#8220;][et_pb_text module_class=&#8220;emotion-txt&#8220; _builder_version=&#8220;4.15&#8243; _module_preset=&#8220;default&#8220; header_font=&#8220;|700|||||||&#8220; header_text_color=&#8220;#4b83b3&#8243; header_font_size=&#8220;42px&#8220; custom_margin=&#8220;||||false|false&#8220; custom_margin_tablet=&#8220;||||false|false&#8220; custom_margin_phone=&#8220;|||10px|false|false&#8220; custom_margin_last_edited=&#8220;on|phone&#8220; custom_padding=&#8220;||||false|false&#8220; hover_enabled=&#8220;0&#8243; header_font_size_tablet=&#8220;3vh&#8220; header_font_size_phone=&#8220;22px&#8220; header_font_size_last_edited=&#8220;on|phone&#8220; custom_css_main_element=&#8220;white-space: nowrap;&#8220; global_colors_info=&#8220;{}&#8220; sticky_enabled=&#8220;0&#8243;]<\/p>\n<h1>Baustoff + Metall\u00a0 Ostrava<\/h1>\n<p>[\/et_pb_text][et_pb_text module_class=&#8220;emotion-txt&#8220; _builder_version=&#8220;4.15&#8243; _module_preset=&#8220;default&#8220; header_font=&#8220;|700|||||||&#8220; header_font_size=&#8220;3vh&#8220; header_2_font=&#8220;|700||on|||||&#8220; header_2_text_color=&#8220;#FFFFFF&#8220; header_2_font_size=&#8220;24px&#8220; custom_margin=&#8220;-5px||||false|false&#8220; custom_margin_tablet=&#8220;&#8220; custom_margin_phone=&#8220;|||10px|false|false&#8220; custom_margin_last_edited=&#8220;on|phone&#8220; header_2_font_size_tablet=&#8220;23px&#8220; header_2_font_size_phone=&#8220;17px&#8220; header_2_font_size_last_edited=&#8220;on|phone&#8220; custom_css_main_element=&#8220;white-space: nowrap;&#8220; global_colors_info=&#8220;{}&#8220;]<\/p>\n<h2>Doprava<\/h2>\n<p>[\/et_pb_text][\/et_pb_column][et_pb_column type=&#8220;1_2&#8243; _builder_version=&#8220;4.15&#8243; _module_preset=&#8220;default&#8220; global_colors_info=&#8220;{}&#8220;][\/et_pb_column][\/et_pb_row][\/et_pb_section][et_pb_section fb_built=&#8220;1&#8243; _builder_version=&#8220;4.15&#8243; _module_preset=&#8220;default&#8220; background_enable_image=&#8220;off&#8220; custom_margin=&#8220;0px||0px||false|false&#8220; custom_padding=&#8220;0px||||false|false&#8220; global_colors_info=&#8220;{}&#8220;][et_pb_row _builder_version=&#8220;4.15&#8243; _module_preset=&#8220;default&#8220; width=&#8220;90%&#8220; custom_margin=&#8220;||||false|false&#8220; custom_padding=&#8220;0px||||false|false&#8220; global_colors_info=&#8220;{}&#8220;][et_pb_column type=&#8220;4_4&#8243; _builder_version=&#8220;4.15&#8243; _module_preset=&#8220;default&#8220; global_colors_info=&#8220;{}&#8220;][et_pb_text _builder_version=&#8220;4.15.0&#8243; _module_preset=&#8220;default&#8220; text_font=&#8220;|700|||||||&#8220; text_text_color=&#8220;#000000&#8243; header_6_font=&#8220;|700|||||||&#8220; header_6_text_color=&#8220;#000000&#8243; header_6_font_size=&#8220;15px&#8220; custom_margin=&#8220;30px||||false|false&#8220; hover_enabled=&#8220;0&#8243; global_colors_info=&#8220;{}&#8220; sticky_enabled=&#8220;0&#8243;]<\/p>\n<p>Zaji\u0161t\u011bn\u00ed p\u0159epravy v\u00e1mi zakoupen\u00fdch materi\u00e1l\u016f z na\u0161eho skladu, p\u0159\u00edpadn\u011b p\u0159\u00edmo z v\u00fdroby, je pro n\u00e1s samoz\u0159ejmost\u00ed.<br \/>Pro jednotliv\u00e9 z\u00e1kazn\u00edky, kte\u0159\u00ed pr\u00e1v\u011b realizuj\u00ed sv\u016fj konkr\u00e9tn\u00ed projekt m\u00e1me p\u0159ipraven jednoduch\u00fd syst\u00e9m dopravy materi\u00e1lu<\/p>\n<p>&nbsp;<\/p>\n<p>B\u011b\u017en\u011b k p\u0159eprav\u011b vyu\u017e\u00edv\u00e1me n\u00e1kladn\u00ed automobily s plachtou o nosnosti 1,5 a\u017e 13 t.<\/p>\n<p>[\/et_pb_text][\/et_pb_column][\/et_pb_row][\/et_pb_section]<\/p>\n","protected":false},"excerpt":{"rendered":"<p>Baustoff + Metall\u00a0 OstravaDopravaZaji\u0161t\u011bn\u00ed p\u0159epravy v\u00e1mi zakoupen\u00fdch materi\u00e1l\u016f z na\u0161eho skladu, p\u0159\u00edpadn\u011b p\u0159\u00edmo z v\u00fdroby, je pro n\u00e1s samoz\u0159ejmost\u00ed.Pro jednotliv\u00e9 z\u00e1kazn\u00edky, kte\u0159\u00ed pr\u00e1v\u011b realizuj\u00ed sv\u016fj konkr\u00e9tn\u00ed projekt m\u00e1me p\u0159ipraven jednoduch\u00fd syst\u00e9m dopravy materi\u00e1lu &nbsp; B\u011b\u017en\u011b k p\u0159eprav\u011b vyu\u017e\u00edv\u00e1me n\u00e1kladn\u00ed automobily s plachtou o nosnosti 1,5 a\u017e 13 t.<\/p>\n","protected":false},"author":1,"featured_media":0,"parent":0,"menu_order":0,"comment_status":"closed","ping_status":"closed","template":"","meta":{"_et_pb_use_builder":"on","_et_pb_old_content":"","_et_gb_content_width":"","footnotes":""},"class_list":["post-28","page","type-page","status-publish","hentry"],"_links":{"self":[{"href":"http:\/\/baustoff-ostrava.cz\/ostrava\/index.php?rest_route=\/wp\/v2\/pages\/28","targetHints":{"allow":["GET"]}}],"collection":[{"href":"http:\/\/baustoff-ostrava.cz\/ostrava\/index.php?rest_route=\/wp\/v2\/pages"}],"about":[{"href":"http:\/\/baustoff-ostrava.cz\/ostrava\/index.php?rest_route=\/wp\/v2\/types\/page"}],"author":[{"embeddable":true,"href":"http:\/\/baustoff-ostrava.cz\/ostrava\/index.php?rest_route=\/wp\/v2\/users\/1"}],"replies":[{"embeddable":true,"href":"http:\/\/baustoff-ostrava.cz\/ostrava\/index.php?rest_route=%2Fwp%2Fv2%2Fcomments&post=28"}],"version-history":[{"count":5,"href":"http:\/\/baustoff-ostrava.cz\/ostrava\/index.php?rest_route=\/wp\/v2\/pages\/28\/revisions"}],"predecessor-version":[{"id":765,"href":"http:\/\/baustoff-ostrava.cz\/ostrava\/index.php?rest_route=\/wp\/v2\/pages\/28\/revisions\/765"}],"wp:attachment":[{"href":"http:\/\/baustoff-ostrava.cz\/ostrava\/index.php?rest_route=%2Fwp%2Fv2%2Fmedia&parent=28"}],"curies":[{"name":"wp","href":"https:\/\/api.w.org\/{rel}","templated":true}]}}