{"id":23,"date":"2022-03-09T22:46:40","date_gmt":"2022-03-09T21:46:40","guid":{"rendered":"http:\/\/www.baustoff-ostrava.cz\/ostrava\/www\/?page_id=23"},"modified":"2022-03-13T12:01:24","modified_gmt":"2022-03-13T11:01:24","slug":"akce","status":"publish","type":"page","link":"http:\/\/baustoff-ostrava.cz\/ostrava\/?page_id=23","title":{"rendered":"Akce"},"content":{"rendered":"<p>[et_pb_section fb_built=&#8220;1&#8243; custom_padding_last_edited=&#8220;on|tablet&#8220; _builder_version=&#8220;4.14.9&#8243; _module_preset=&#8220;default&#8220; background_enable_color=&#8220;off&#8220; background_color_gradient_start=&#8220;#bcd1ea&#8220; background_color_gradient_end=&#8220;rgba(255,255,255,0)&#8220; background_color_gradient_direction=&#8220;90deg&#8220; background_image=&#8220;http:\/\/baustoff-ostrava.cz\/ostrava\/wp-content\/uploads\/2022\/03\/a1_2x.png&#8220; background_position=&#8220;center_right&#8220; width_tablet=&#8220;&#8220; width_phone=&#8220;&#8220; width_last_edited=&#8220;on|phone&#8220; custom_padding=&#8220;7vw||7vw||true|false&#8220; custom_padding_tablet=&#8220;7vw||7vw||true|false&#8220; custom_padding_phone=&#8220;25vw||0vw||false|false&#8220; border_width_top=&#8220;3px&#8220; border_color_top=&#8220;#005596&#8243; border_width_bottom=&#8220;2px&#8220; border_color_bottom=&#8220;#005596&#8243; collapsed=&#8220;off&#8220; global_colors_info=&#8220;{}&#8220;][et_pb_row column_structure=&#8220;1_2,1_2&#8243; use_custom_gutter=&#8220;on&#8220; _builder_version=&#8220;4.14.9&#8243; _module_preset=&#8220;default&#8220; width_tablet=&#8220;&#8220; width_phone=&#8220;100%&#8220; width_last_edited=&#8220;on|phone&#8220; custom_padding=&#8220;0px||0px||false|false&#8220; hover_enabled=&#8220;0&#8243; background_last_edited=&#8220;on|phone&#8220; background_enable_color_phone=&#8220;off&#8220; global_colors_info=&#8220;{}&#8220; sticky_enabled=&#8220;0&#8243;][et_pb_column type=&#8220;1_2&#8243; _builder_version=&#8220;4.14.9&#8243; _module_preset=&#8220;default&#8220; background_color=&#8220;#005596&#8243; transform_translate_linked=&#8220;off&#8220; hover_enabled=&#8220;0&#8243; background_last_edited=&#8220;on|desktop&#8220; global_colors_info=&#8220;{}&#8220; module_class=&#8220;hlavicka&#8220; sticky_enabled=&#8220;0&#8243;][et_pb_text module_class=&#8220;emotion-txt&#8220; _builder_version=&#8220;4.14.7&#8243; _module_preset=&#8220;default&#8220; header_font=&#8220;|700|||||||&#8220; header_text_color=&#8220;#4b83b3&#8243; header_font_size=&#8220;42px&#8220; custom_margin=&#8220;||||false|false&#8220; custom_margin_tablet=&#8220;||||false|false&#8220; custom_margin_phone=&#8220;|||10px|false|false&#8220; custom_margin_last_edited=&#8220;on|phone&#8220; custom_padding=&#8220;||||false|false&#8220; header_font_size_tablet=&#8220;3vh&#8220; header_font_size_phone=&#8220;22px&#8220; header_font_size_last_edited=&#8220;on|phone&#8220; custom_css_main_element=&#8220;white-space: nowrap;&#8220; global_colors_info=&#8220;{}&#8220;]<\/p>\n<h1>Baustoff + Metall\u00a0 Ostrava<\/h1>\n<p>[\/et_pb_text][et_pb_text module_class=&#8220;emotion-txt&#8220; _builder_version=&#8220;4.14.8&#8243; _module_preset=&#8220;default&#8220; header_font=&#8220;|700|||||||&#8220; header_font_size=&#8220;3vh&#8220; header_2_font=&#8220;|700||on|||||&#8220; header_2_text_color=&#8220;#FFFFFF&#8220; header_2_font_size=&#8220;24px&#8220; custom_margin=&#8220;-5px||||false|false&#8220; custom_margin_tablet=&#8220;&#8220; custom_margin_phone=&#8220;|||10px|false|false&#8220; custom_margin_last_edited=&#8220;on|phone&#8220; header_2_font_size_tablet=&#8220;23px&#8220; header_2_font_size_phone=&#8220;17px&#8220; header_2_font_size_last_edited=&#8220;on|phone&#8220; custom_css_main_element=&#8220;white-space: nowrap;&#8220; global_colors_info=&#8220;{}&#8220;]<\/p>\n<h2>Akce<\/h2>\n<p>[\/et_pb_text][\/et_pb_column][et_pb_column type=&#8220;1_2&#8243; _builder_version=&#8220;4.14.7&#8243; _module_preset=&#8220;default&#8220; global_colors_info=&#8220;{}&#8220;][\/et_pb_column][\/et_pb_row][\/et_pb_section][et_pb_section fb_built=&#8220;1&#8243; _builder_version=&#8220;4.14.8&#8243; _module_preset=&#8220;default&#8220; custom_padding=&#8220;30px||30px||true|false&#8220; global_colors_info=&#8220;{}&#8220;][et_pb_row _builder_version=&#8220;4.14.8&#8243; _module_preset=&#8220;default&#8220; width=&#8220;90%&#8220; custom_margin=&#8220;0px||||false|false&#8220; custom_padding=&#8220;0px||0px||false|false&#8220; global_colors_info=&#8220;{}&#8220;][et_pb_column type=&#8220;4_4&#8243; _builder_version=&#8220;4.14.7&#8243; _module_preset=&#8220;default&#8220; global_colors_info=&#8220;{}&#8220;][et_pb_text _builder_version=&#8220;4.14.7&#8243; _module_preset=&#8220;default&#8220; text_font=&#8220;|700|||||||&#8220; text_text_color=&#8220;#005597&#8243; text_font_size=&#8220;16px&#8220; text_font_size_tablet=&#8220;15px&#8220; text_font_size_phone=&#8220;15px&#8220; text_font_size_last_edited=&#8220;on|desktop&#8220; locked=&#8220;off&#8220; global_colors_info=&#8220;{}&#8220;]<\/p>\n<p>Let\u00e1ky<\/p>\n<p>[\/et_pb_text][\/et_pb_column][\/et_pb_row][et_pb_row _builder_version=&#8220;4.14.8&#8243; _module_preset=&#8220;default&#8220; width=&#8220;90%&#8220; custom_margin=&#8220;0px||0px||true|false&#8220; custom_padding=&#8220;0px||0px||true|false&#8220; global_colors_info=&#8220;{}&#8220;][et_pb_column type=&#8220;4_4&#8243; _builder_version=&#8220;4.14.7&#8243; _module_preset=&#8220;default&#8220; global_colors_info=&#8220;{}&#8220;][et_pb_text _builder_version=&#8220;4.14.8&#8243; _module_preset=&#8220;default&#8220; text_font=&#8220;|700|||||||&#8220; text_text_color=&#8220;#000000&#8243; text_font_size=&#8220;16px&#8220; text_orientation=&#8220;center&#8220; custom_margin=&#8220;0px||0px||false|false&#8220; custom_padding=&#8220;0px||0px||false|false&#8220; global_colors_info=&#8220;{}&#8220;]<\/p>\n<p>&nbsp;<\/p>\n<div class=\"container single-post-container\">\n<div class=\"row\">\n<article id=\"post-465\" class=\"nv-single-post-wrap col post-465 post type-post status-publish format-standard hentry category-akce\">\n<div class=\"nv-content-wrap entry-content\">\n<p>Moment\u00e1ln\u011b neprob\u00edh\u00e1 \u017e\u00e1dn\u00e1 akce<\/p>\n<\/div>\n<\/article>\n<\/div>\n<\/div>\n<p>&nbsp;<\/p>\n<footer id=\"site-footer\" class=\"site-footer\">\n<div class=\"hfg_footer\">\n<div id=\"cb-row--footer-bottom\" class=\"footer--row footer-bottom layout-full-contained\" data-row-id=\"bottom\" data-show-on=\"desktop\">\n<div class=\"footer--row-inner footer-bottom-inner footer-content-wrap\">\n<div class=\"container\">\n<div class=\"hfg-grid nv-footer-content hfg-grid-bottom row--wrapper row \" data-section=\"hfg_footer_layout_bottom\">\n<div class=\"builder-item hfg-item-last hfg-item-first col-12 desktop-center tablet-center mobile-center hfg-item-v-middle\">\n<div class=\"item--inner builder-item--footer_copyright\" data-section=\"footer_copyright\" data-item-id=\"footer_copyright\">\n<div class=\"component-wrap\">\n<div>\u00a0<\/div>\n<\/div>\n<\/div>\n<\/div>\n<\/div>\n<\/div>\n<\/div>\n<\/div>\n<\/div>\n<\/footer>\n<p>[\/et_pb_text][\/et_pb_column][\/et_pb_row][\/et_pb_section]<\/p>\n","protected":false},"excerpt":{"rendered":"<p>Baustoff + Metall\u00a0 OstravaAkceLet\u00e1ky&nbsp; Moment\u00e1ln\u011b neprob\u00edh\u00e1 \u017e\u00e1dn\u00e1 akce &nbsp; \u00a0<\/p>\n","protected":false},"author":1,"featured_media":0,"parent":0,"menu_order":0,"comment_status":"closed","ping_status":"closed","template":"","meta":{"_et_pb_use_builder":"on","_et_pb_old_content":"","_et_gb_content_width":"","footnotes":""},"class_list":["post-23","page","type-page","status-publish","hentry"],"_links":{"self":[{"href":"http:\/\/baustoff-ostrava.cz\/ostrava\/index.php?rest_route=\/wp\/v2\/pages\/23","targetHints":{"allow":["GET"]}}],"collection":[{"href":"http:\/\/baustoff-ostrava.cz\/ostrava\/index.php?rest_route=\/wp\/v2\/pages"}],"about":[{"href":"http:\/\/baustoff-ostrava.cz\/ostrava\/index.php?rest_route=\/wp\/v2\/types\/page"}],"author":[{"embeddable":true,"href":"http:\/\/baustoff-ostrava.cz\/ostrava\/index.php?rest_route=\/wp\/v2\/users\/1"}],"replies":[{"embeddable":true,"href":"http:\/\/baustoff-ostrava.cz\/ostrava\/index.php?rest_route=%2Fwp%2Fv2%2Fcomments&post=23"}],"version-history":[{"count":3,"href":"http:\/\/baustoff-ostrava.cz\/ostrava\/index.php?rest_route=\/wp\/v2\/pages\/23\/revisions"}],"predecessor-version":[{"id":235,"href":"http:\/\/baustoff-ostrava.cz\/ostrava\/index.php?rest_route=\/wp\/v2\/pages\/23\/revisions\/235"}],"wp:attachment":[{"href":"http:\/\/baustoff-ostrava.cz\/ostrava\/index.php?rest_route=%2Fwp%2Fv2%2Fmedia&parent=23"}],"curies":[{"name":"wp","href":"https:\/\/api.w.org\/{rel}","templated":true}]}}